{"id":4,"date":"2018-04-05T09:52:34","date_gmt":"2018-04-05T09:52:34","guid":{"rendered":"https:\/\/przemyslaw.muszynski.cloud\/?page_id=4"},"modified":"2026-04-07T10:02:21","modified_gmt":"2026-04-07T10:02:21","slug":"about-me","status":"publish","type":"page","link":"https:\/\/przemyslaw.muszynski.cloud\/pl\/","title":{"rendered":"O mnie"},"content":{"rendered":"<div data-elementor-type=\"wp-page\" data-elementor-id=\"4\" class=\"elementor elementor-4\">\n\t\t\t\t<div class=\"elementor-element elementor-element-78f672f1 e-flex e-con-boxed e-con e-parent\" data-id=\"78f672f1\" data-element_type=\"container\" data-e-type=\"container\">\n\t\t\t\t\t<div class=\"e-con-inner\">\n\t\t\t\t<div class=\"elementor-element elementor-element-2ce13591 elementor-widget elementor-widget-text-editor\" data-id=\"2ce13591\" data-element_type=\"widget\" data-e-type=\"widget\" data-widget_type=\"text-editor.default\">\n\t\t\t\t<div class=\"elementor-widget-container\">\n\t\t\t\t\t\t\t\t\t<section class=\"fw-main-row\"><div class=\"fw-container\"><div class=\"row\"><div class=\"col-xs-12 col-sm-12\"><div id=\"col_inner_id-69b72ca568fc4\" class=\"fw-col-inner\" data-paddings=\"0px 0px 0px 0px\"><div class=\"block-title\"><h3>Czym si\u0119 zajmuj\u0119<\/h3><\/div><\/div><\/div><\/div><div class=\"row\"><div class=\"col-xs-12 col-sm-6\"><div id=\"col_inner_id-69b72ca569747\" class=\"fw-col-inner\" data-paddings=\"0px 0px 0px 0px\"><div id=\"info-list-69b72ca569a3e\" class=\"info-list-w-icon\"><div id=\"info_block_with_icon_40ac08b171ef7cd7cdf86b6781b99586\" class=\"info-block-w-icon\" data-color=\"#888\"><div class=\"ci-icon\">\u00a0<\/div><div class=\"ci-text\"><h4>Tworzenie Innowacyjnych Funkcjonalno\u015bci<\/h4><p>Jestem g\u0142\u0119boko zaanga\u017cowany w rozw\u00f3j nowych funkcjonalno\u015bci, kt\u00f3re s\u0105 si\u0142\u0105 nap\u0119dow\u0105 ka\u017cdego projektu. Specjalizuj\u0119 si\u0119 w dostarczaniu \u015bwie\u017cych rozwi\u0105za\u0144 zar\u00f3wno dla aplikacji mobilnych, jak i istniej\u0105cych system\u00f3w przemys\u0142owych, zawsze z naciskiem na u\u017cyteczno\u015b\u0107 i realn\u0105 warto\u015b\u0107 dla u\u017cytkownika ko\u0144cowego.<\/p><\/div><\/div><div id=\"info_block_with_icon_997f6a30e4b7c6cb7fb5b014ecf03286\" class=\"info-block-w-icon\" data-color=\"#888\"><div class=\"ci-icon\">\u00a0<\/div><div class=\"ci-text\"><h4>Utrzymanie i Wparcie Techniczne System\u00f3w<\/h4><p>Bior\u0119 pe\u0142n\u0105 odpowiedzialno\u015b\u0107 za wdro\u017cone produkty, zapewniaj\u0105c ich d\u0142ugoterminow\u0105 stabilno\u015b\u0107 i niezawodno\u015b\u0107. Moje dzia\u0142ania obejmuj\u0105 proaktywne utrzymanie system\u00f3w oraz szybkie i skuteczne wsparcie techniczne, minimalizuj\u0105ce przestoje i gwarantuj\u0105ce ci\u0105g\u0142o\u015b\u0107 dzia\u0142ania.<\/p><\/div><\/div><\/div><\/div><\/div><div class=\"col-xs-12 col-sm-6\"><div id=\"col_inner_id-69b72ca569d5d\" class=\"fw-col-inner\" data-paddings=\"0px 0px 0px 0px\"><div id=\"info-list-69b72ca56a058\" class=\"info-list-w-icon\"><div id=\"info_block_with_icon_43666ad55aece84104037e5479297875\" class=\"info-block-w-icon\" data-color=\"#888\"><div class=\"ci-icon\">\u00a0<\/div><div class=\"ci-text\"><h4>Badania i Rozw\u00f3j (R&amp;D) w Technologiach Embedded i RFID<\/h4><p>Jako cz\u0142onek dzia\u0142u R&amp;D, aktywnie uczestnicz\u0119 w projektach badawczo-rozwojowych, koncentruj\u0105c si\u0119 na innowacjach w obszarze urz\u0105dze\u0144 wbudowanych (embedded) oraz technologii RFID. Moja praca polega na eksplorowaniu nowych mo\u017cliwo\u015bci i przekuwaniu koncepcji w praktyczne, zaawansowane technologicznie rozwi\u0105zania.<\/p><\/div><\/div><div id=\"info_block_with_icon_b60279a6c19a73fac9570d8611e720f3\" class=\"info-block-w-icon\" data-color=\"#888\"><div class=\"ci-icon\">\u00a0<\/div><div class=\"ci-text\"><h4>Efektywna Wsp\u00f3\u0142praca Zespo\u0142owa i Wszechstronne Wsparcie<\/h4><p>Wierz\u0119, \u017ce sukces projektu jest wynikiem synergii i otwartej komunikacji w zespole. Aktywnie uczestnicz\u0119 w procesie code review, wspieram koleg\u00f3w w testowaniu funkcjonalno\u015bci i rozwi\u0105zywaniu problem\u00f3w. Ch\u0119tnie dziel\u0119 si\u0119 wiedz\u0105 i perspektyw\u0105, anga\u017cuj\u0105c si\u0119 r\u00f3wnie\u017c w dyskusje dotycz\u0105ce np. strategii produktowej, aby wsp\u00f3lnie osi\u0105ga\u0107 wyznaczone cele.<\/p><\/div><\/div><\/div><\/div><\/div><\/div><div class=\"row\"><div class=\"col-xs-12 col-sm-12\"><div id=\"col_inner_id-69b72ca56b151\" class=\"fw-col-inner\" data-paddings=\"0px 0px 0px 0px\"><div class=\"block-title\">\u00a0<\/div><div id=\"clients_fa1cd30e2a45905f4cc2ab779a85b87e\" class=\"clients owl-carousel clients-loop-off autoplay-off\" data-mobile-items=\"2\" data-tablet-items=\"6\" data-items=\"6\" data-by-page=\"1\"><div class=\"client-block\"><p><img decoding=\"async\" src=\"\/\/przemyslaw.muszynski.cloud\/wp-content\/uploads\/2018\/04\/client.png\" alt=\"Logo\" \/><\/p><\/div><div class=\"client-block\"><p><img decoding=\"async\" src=\"\/\/przemyslaw.muszynski.cloud\/wp-content\/uploads\/2018\/04\/client.png\" alt=\"Logo\" \/><\/p><\/div><div class=\"client-block\"><p><img decoding=\"async\" src=\"\/\/przemyslaw.muszynski.cloud\/wp-content\/uploads\/2018\/04\/client.png\" alt=\"Logo\" \/><\/p><\/div><div class=\"client-block\"><p><img decoding=\"async\" src=\"\/\/przemyslaw.muszynski.cloud\/wp-content\/uploads\/2018\/04\/client.png\" alt=\"Logo\" \/><\/p><\/div><div class=\"client-block\"><p><img decoding=\"async\" src=\"\/\/przemyslaw.muszynski.cloud\/wp-content\/uploads\/2018\/04\/client.png\" alt=\"Logo\" \/><\/p><\/div><div class=\"client-block\"><p><img decoding=\"async\" src=\"\/\/przemyslaw.muszynski.cloud\/wp-content\/uploads\/2018\/04\/client.png\" alt=\"Logo\" \/><\/p><\/div><div class=\"client-block\"><p><img decoding=\"async\" src=\"\/\/przemyslaw.muszynski.cloud\/wp-content\/uploads\/2018\/04\/client.png\" alt=\"Logo\" \/><\/p><\/div><\/div><\/div><\/div><\/div><\/div><\/section><p><!-- cd162c824519df03f972dde51c918fc3 --><\/p>\t\t\t\t\t\t\t\t<\/div>\n\t\t\t\t<\/div>\n\t\t\t\t\t<\/div>\n\t\t\t\t<\/div>\n\t\t\t\t<\/div>","protected":false},"excerpt":{"rendered":"<p>What I Do \u00a0 Developing New Functionality I am deeply involved in crafting new functionalities, which are the driving force behind every project. I specialize in delivering fresh solutions for both mobile applications and existing industrial systems, always with an emphasis on usability and tangible value for the end-user. \u00a0 Ensuring Maintenance and Support I&#8230;<\/p>\n<p><a class=\"read-more\" href=\"https:\/\/przemyslaw.muszynski.cloud\/pl\/\">Read More<\/a><\/p>","protected":false},"author":1,"featured_media":148,"parent":0,"menu_order":0,"comment_status":"closed","ping_status":"closed","template":"page-templates\/template-kerge-start-page.php","meta":{"footnotes":""},"class_list":["post-4","page","type-page","status-publish","has-post-thumbnail","hentry"],"brizy_media":[],"_links":{"self":[{"href":"https:\/\/przemyslaw.muszynski.cloud\/pl\/wp-json\/wp\/v2\/pages\/4","targetHints":{"allow":["GET"]}}],"collection":[{"href":"https:\/\/przemyslaw.muszynski.cloud\/pl\/wp-json\/wp\/v2\/pages"}],"about":[{"href":"https:\/\/przemyslaw.muszynski.cloud\/pl\/wp-json\/wp\/v2\/types\/page"}],"author":[{"embeddable":true,"href":"https:\/\/przemyslaw.muszynski.cloud\/pl\/wp-json\/wp\/v2\/users\/1"}],"replies":[{"embeddable":true,"href":"https:\/\/przemyslaw.muszynski.cloud\/pl\/wp-json\/wp\/v2\/comments?post=4"}],"version-history":[{"count":22,"href":"https:\/\/przemyslaw.muszynski.cloud\/pl\/wp-json\/wp\/v2\/pages\/4\/revisions"}],"predecessor-version":[{"id":401,"href":"https:\/\/przemyslaw.muszynski.cloud\/pl\/wp-json\/wp\/v2\/pages\/4\/revisions\/401"}],"wp:featuredmedia":[{"embeddable":true,"href":"https:\/\/przemyslaw.muszynski.cloud\/pl\/wp-json\/wp\/v2\/media\/148"}],"wp:attachment":[{"href":"https:\/\/przemyslaw.muszynski.cloud\/pl\/wp-json\/wp\/v2\/media?parent=4"}],"curies":[{"name":"wp","href":"https:\/\/api.w.org\/{rel}","templated":true}]}}