{"id":58,"date":"2018-04-05T13:19:51","date_gmt":"2018-04-05T13:19:51","guid":{"rendered":"https:\/\/przemyslaw.muszynski.cloud\/?page_id=58"},"modified":"2022-03-03T20:43:31","modified_gmt":"2022-03-03T20:43:31","slug":"contact","status":"publish","type":"page","link":"https:\/\/przemyslaw.muszynski.cloud\/pl\/contact\/","title":{"rendered":"Kontakt"},"content":{"rendered":"<section class=\"fw-main-row\"  >\n\t<div class=\"fw-container\">\n\t\t<div class=\"row\">\n\t\r\n\r\n<div class=\"col-xs-12 col-sm-4\">\r\n    <div id=\"col_inner_id-69ea808990812\" class=\"fw-col-inner\" data-paddings=\"0px 0px 30px 0px\">\r\n\t\t<a href=\"#\">\n<div id=\"info_block_4662b09da6eaa7ce55ec9199cea679d8\" class=\"lm-info-block gray-default\" data-color=\"#b5b5b5\">\n                        <i class=\"lnr lnr-phone-handset\"><\/i>\n                <h4>+48 609-198-165<\/h4>\n    <span class=\"lm-info-block-value\"><\/span>\n    <span class=\"lm-info-block-text\"><\/span>\n<\/div>\n<\/a>\n\t<\/div>\r\n<\/div>\r\n\r\n\r\n<div class=\"col-xs-12 col-sm-4\">\r\n    <div id=\"col_inner_id-69ea8089913c4\" class=\"fw-col-inner\" data-paddings=\"0px 0px 30px 0px\">\r\n\t\t<a href=\"#\">\n<div id=\"info_block_180576783f4b2ac2ac157ab89c3ea2ac\" class=\"lm-info-block gray-default\" data-color=\"#b5b5b5\">\n                        <i class=\"lnr lnr-map-marker\"><\/i>\n                <h4>Wroc\u0142aw<\/h4>\n    <span class=\"lm-info-block-value\"><\/span>\n    <span class=\"lm-info-block-text\"><\/span>\n<\/div>\n<\/a>\n\t<\/div>\r\n<\/div>\r\n\r\n\r\n<div class=\"col-xs-12 col-sm-4\">\r\n    <div id=\"col_inner_id-69ea8089918f1\" class=\"fw-col-inner\" data-paddings=\"0px 0px 30px 0px\">\r\n\t\t<a href=\"#\">\n<div id=\"info_block_7e05e829a979ce32b277eec0758219ad\" class=\"lm-info-block gray-default\" data-color=\"#b5b5b5\">\n                        <i class=\"lnr lnr-envelope\"><\/i>\n                <h4>contact@przemyslaw.muszynski.cloud<\/h4>\n    <span class=\"lm-info-block-value\"><\/span>\n    <span class=\"lm-info-block-text\"><\/span>\n<\/div>\n<\/a>\n\t<\/div>\r\n<\/div>\r\n<\/div>\n\n<div class=\"row\">\n\t\r\n\r\n<div class=\"col-xs-12 col-sm-2\">\r\n    <div id=\"col_inner_id-69ea8089920eb\" class=\"fw-col-inner\" data-paddings=\"0px 0px 0px 0px\">\r\n\t\t\t<\/div>\r\n<\/div>\r\n\r\n\r\n<div class=\"col-xs-12 col-sm-8\">\r\n    <div id=\"col_inner_id-69ea808992332\" class=\"fw-col-inner\" data-paddings=\"0px 0px 0px 0px\">\r\n\t\t\n<div class=\"block-title\">\n    <h3>Jak mog\u0119 Ci pom\u00f3c?<span><\/span><\/h3>\n<\/div>\n\r\n<form id=\"contact_form_69ea8089930c7\" class=\"contact-form\" action=\"#\" method=\"post\" data-trp-original-action=\"#\">\r\n\r\n\t<div class=\"messages\"><\/div>\r\n\r\n\t<div class=\"controls two-columns\">\r\n\t\t<div class=\"fields clearfix\">\r\n\t\t\t<div class=\"left-column\">\r\n\t\t\t\t<div class=\"form-group form-group-with-icon\">\r\n\t\t\t\t\t<input id=\"form_name\" type=\"text\" name=\"name\" class=\"form-control\" placeholder=\"Full Name\" required=\"required\" data-error=\"Name is required.\">\r\n\t\t\t\t\t<div class=\"form-control-border\"><\/div>\r\n\t\t\t\t\t<div class=\"help-block with-errors\"><\/div>\r\n\t\t\t\t<\/div>\r\n\r\n\t\t\t\t<div class=\"form-group form-group-with-icon\">\r\n\t\t\t\t\t<input id=\"form_email\" type=\"email\" name=\"email\" class=\"form-control\" placeholder=\"Email Address\" required=\"required\" data-error=\"Valid email is required.\">\r\n\t\t\t\t\t<div class=\"form-control-border\"><\/div>\r\n\t\t\t\t\t<div class=\"help-block with-errors\"><\/div>\r\n\t\t\t\t<\/div>\r\n\r\n\t\t\t\t<div class=\"form-group form-group-with-icon\">\r\n\t\t\t\t\t<input id=\"form_name\" type=\"text\" name=\"subject\" class=\"form-control\" placeholder=\"Subject\" required=\"required\" data-error=\"Subject is required.\">\r\n\t\t\t\t\t<div class=\"form-control-border\"><\/div>\r\n\t\t\t\t\t<div class=\"help-block with-errors\"><\/div>\r\n\t\t\t\t<\/div>\r\n\t\t\t<\/div>\r\n\t\t\t<div class=\"right-column\">\r\n\t\t\t\t<div class=\"form-group form-group-with-icon\">\r\n\t\t\t\t\t<textarea id=\"form_message\" name=\"message\" class=\"form-control\" placeholder=\"Message\" rows=\"7\" required=\"required\" data-error=\"Please, leave me a message.\"><\/textarea>\r\n\t\t\t\t\t<div class=\"form-control-border\"><\/div>\r\n\t\t\t\t\t<div class=\"help-block with-errors\"><\/div>\r\n\t\t\t\t<\/div>\r\n\t\t\t<\/div>\r\n\t\t<\/div>\r\n\r\n\t\t\t\t\t<div class=\"form-group-with-icon form-group\">\r\n\t\t\t\t<input type=\"checkbox\" name=\"checkbox\" class=\"form-control form-control-checkbox\" required=\"required\" data-error=\"\">\r\n\t\t\t\t<label>Poprzez u\u017cycie formularza kontaktowego wyra\u017caj\u0105 Pa\u0144stwo zgod\u0119 na przechowywanie i przetwarzanie podanych danych osobowych w celu udzielenia odpowiedzi na kontakt.<\/label>\r\n\t\t\t\t<div class=\"form-control-border\"><\/div>\r\n\t\t\t\t<div class=\"help-block with-errors\"><\/div>\r\n\t\t\t<\/div>\r\n\t\t\t\r\n\t\t\t\t\t\t\t\t\t\t<div class=\"g-recaptcha\" data-sitekey=\"6LdqmCAUAAAAAMMNEZvn6g4W5e0or2sZmAVpxVqI\" data-theme=\"dark\"><\/div>\r\n\t\t\t\t\r\n\t\t<input type=\"submit\" class=\"button btn-send\" value=\"Send message\">\r\n\t<\/div>\r\n<input type=\"hidden\" name=\"trp-form-language\" value=\"pl\"\/><\/form>\r\n\r\n\t<\/div>\r\n<\/div>\r\n\r\n\r\n<div class=\"col-xs-12 col-sm-2\">\r\n    <div id=\"col_inner_id-69ea8089933b6\" class=\"fw-col-inner\" data-paddings=\"0px 0px 0px 0px\">\r\n\t\t\t<\/div>\r\n<\/div>\r\n<\/div>\n\n\t<\/div>\n<\/section>","protected":false},"excerpt":{"rendered":"<p>+48 609-198-165 Wroc\u0142aw contact@przemyslaw.muszynski.cloud How Can I Help You? Poprzez u\u017cycie formularza kontaktowego wyra\u017caj\u0105 Pa\u0144stwo zgod\u0119 na przechowywanie i przetwarzanie podanych danych osobowych w celu udzielenia odpowiedzi na kontakt.<\/p>","protected":false},"author":1,"featured_media":0,"parent":0,"menu_order":0,"comment_status":"closed","ping_status":"closed","template":"","meta":{"footnotes":""},"class_list":["post-58","page","type-page","status-publish","hentry"],"brizy_media":[],"_links":{"self":[{"href":"https:\/\/przemyslaw.muszynski.cloud\/pl\/wp-json\/wp\/v2\/pages\/58","targetHints":{"allow":["GET"]}}],"collection":[{"href":"https:\/\/przemyslaw.muszynski.cloud\/pl\/wp-json\/wp\/v2\/pages"}],"about":[{"href":"https:\/\/przemyslaw.muszynski.cloud\/pl\/wp-json\/wp\/v2\/types\/page"}],"author":[{"embeddable":true,"href":"https:\/\/przemyslaw.muszynski.cloud\/pl\/wp-json\/wp\/v2\/users\/1"}],"replies":[{"embeddable":true,"href":"https:\/\/przemyslaw.muszynski.cloud\/pl\/wp-json\/wp\/v2\/comments?post=58"}],"version-history":[{"count":3,"href":"https:\/\/przemyslaw.muszynski.cloud\/pl\/wp-json\/wp\/v2\/pages\/58\/revisions"}],"predecessor-version":[{"id":285,"href":"https:\/\/przemyslaw.muszynski.cloud\/pl\/wp-json\/wp\/v2\/pages\/58\/revisions\/285"}],"wp:attachment":[{"href":"https:\/\/przemyslaw.muszynski.cloud\/pl\/wp-json\/wp\/v2\/media?parent=58"}],"curies":[{"name":"wp","href":"https:\/\/api.w.org\/{rel}","templated":true}]}}